{"id":16247637,"date":"2022-12-12T15:23:20","date_gmt":"2022-12-12T14:23:20","guid":{"rendered":"https:\/\/www.vecesam.es\/avis-legal-i-politica-de-privacitat\/"},"modified":"2026-01-16T10:11:36","modified_gmt":"2026-01-16T09:11:36","slug":"avis-legal-i-politica-de-privacitat","status":"publish","type":"page","link":"https:\/\/www.vecesam.es\/ca\/avis-legal-i-politica-de-privacitat\/","title":{"rendered":"Av\u00eds legal i pol\u00edtica de privacitat"},"content":{"rendered":"\n<p>El lloc web www.vecesam.es \u00e9s propietat de: VECESAM SL, amb CIF B60218559, t\u00e9 el seu domicili fiscal a: Calle de la Industria, 8, Sant Mart\u00ed Sarroca 08731<\/p>\n\n<p>Si necessita realitzar qualsevol consulta pot dirigir-se a vecesam@vecesam.com o b\u00e9 al nostre tel\u00e8fon (+34) 938171750<\/p>\n\n<p><strong>PROTECCI\u00d3 DE DADES<\/strong><\/p>\n\n<p>Quan l&#8217;usuari faciliti les seves dades de car\u00e0cter personal en qualsevol dels formularis del lloc www.vecesam.es autoritza a VECESAM SL al seu tractament per a la finalitat que s&#8217;indiqui.<\/p>\n\n<p>Les dades facilitades per l&#8217;Usuari s&#8217;incorporaran en un arxiu automatitzat protegir amb les mesures de seguretat legalment establertes.<\/p>\n\n<p>VECESAM SL no cedir\u00e0 a tercers les dades de l&#8217;Usuari, llevat que aquest hagi donat el seu consentiment, garantint aix\u00ed la seva confidencialitat.<\/p>\n\n<p><strong>POL\u00cdTICA DE PRIVACITAT<\/strong><\/p>\n\n<p>Exercim els oportuns controls d&#8217;informaci\u00f3 d&#8217;acord amb el que disposa a la Directiva Europea de Protecci\u00f3 de Dades de la UE (UE 95\/46\/EC) i la normativa de desenvolupament establerta al Reglament General de Protecci\u00f3 de Dades (GDPR-EU General Data Protection Regulation).<\/p>\n\n<p>No est\u00e0 obligat, per llei o per contracte amb nosaltres, a facilitar informaci\u00f3 personal a trav\u00e9s de la nostra web. \u00danicament, es requerir\u00e0 quan sigui estrictament necessari per subministrar un servei sol\u00b7licitat per la seva part.<\/p>\n\n<p>VECESAM SL garanteix al client que mantindr\u00e0 absoluta confidencialitat sobre qualsevol informaci\u00f3, document o producte propietat del client que li sigui entregat en el desenvolupament de la relaci\u00f3 comercial.<\/p>\n\n<p><strong>Formulari de contacte<\/strong><\/p>\n\n<p>A l&#8217;enviar-nos una petici\u00f3 a partir d&#8217;un formulari de contacte, la informaci\u00f3 introdu\u00efda al formulari de sol\u00b7licitud, incloses les dades facilitades, seran emmagatzemades per processar la seva petici\u00f3 i poder contactar amb vost\u00e8 per respondre a la seva consulta. En cap cas difondrem aquestes dades sense el seu consentiment.<\/p>\n\n<p><strong>DRETS DE L&#8217;USUARI.<\/strong><\/p>\n\n<p>1) T\u00e9 dret a accedir a les seves dades personals<\/p>\n\n<p>T\u00e9 dret a qu\u00e8 li confirmem si conservem qualsevol de les seves dades personals. Si encara s\u00f3n conservats, t\u00e9 dret a tenir una c\u00f2pia d&#8217;elles i a ser informat sobre:<\/p>\n\n<p>1.- Per qu\u00e8 estem utilitzant les seves dades?<\/p>\n\n<p>2.- Quines categories d&#8217;informaci\u00f3 estem utilitzant?<\/p>\n\n<p>3.- Amb qui hem compartit les seves dades?<\/p>\n\n<p>4- Durant quant de temps tenim pensat conservar la seva informaci\u00f3?<\/p>\n\n<p>Per mantenir la seguretat de les seves dades, haurem de verificar la seva identitat abans de facilitar-li una c\u00f2pia de la informaci\u00f3 que conservem.<\/p>\n\n<p>La primera c\u00f2pia que sol\u00b7liciti ser\u00e0 gratu\u00efta. Si requereix m\u00e9s c\u00f2pies, podr\u00edem facturar un c\u00e0rrec administratiu per cobrir els nostres costos.<\/p>\n\n<p>T\u00e9 dret a corregir qualsevol dada incorrecta\/incompleta de les seves dades personals.<\/p>\n\n<p>Si ens ha sol\u00b7licitat una c\u00f2pia de la seva informaci\u00f3 personal, pot ser que adverteixi d&#8217;algun error o inexactitud o simplement que no es trobi completa. En aquest cas, pot contactar amb nosaltres i corregirem\/inclourem la dada sol\u00b7licitada.<\/p>\n\n<p>2) T\u00e9 dret a donar-se de baixa<\/p>\n\n<p>A vegades, no ser\u00e0 necessari que continuem conservant les seves dades personals:<\/p>\n\n<p>1.- La informaci\u00f3 no es necessita per m\u00e9s temps, per l&#8217;objectiu pel qual va ser emmagatzemada.<\/p>\n\n<p>2.- Presenta la seva falta de consentiment per a la conservaci\u00f3 de les dades i nosaltres no tenim cap ra\u00f3 legal per continuar utilitzant-la.<\/p>\n\n<p>3.- No est\u00e0s d&#8217;acord que continuem utilitzant les seves dades personals i no tenim cap ra\u00f3 per mantenir-les.<\/p>\n\n<p>4.- Hem utilitzat les seves dades il\u00b7legalment.<\/p>\n\n<p>5.- Hem rebut notificaci\u00f3 legal que ens obliga a eliminar les seves dades personals.<\/p>\n\n<p>En aquestes situacions, tindr\u00e0 dret a sol\u00b7licitar l&#8217;eliminaci\u00f3 de les seves dades personals. Si creu que es troba en un d&#8217;aquests casos, si us plau, envia un email a vecesam@vecesam.com<\/p>\n","protected":false},"excerpt":{"rendered":"<p>El lloc web www.vecesam.es \u00e9s propietat de: VECESAM SL, amb CIF B60218559, t\u00e9 el seu domicili fiscal a: Calle de la Industria, 8, Sant Mart\u00ed Sarroca 08731 Si necessita realitzar qualsevol consulta pot dirigir-se a vecesam@vecesam.com o b\u00e9 al nostre tel\u00e8fon (+34) 938171750 PROTECCI\u00d3 DE DADES Quan l&#8217;usuari faciliti les seves dades de car\u00e0cter personal [&hellip;]<\/p>\n","protected":false},"author":1,"featured_media":0,"parent":0,"menu_order":0,"comment_status":"closed","ping_status":"closed","template":"","meta":{"_et_pb_use_builder":"","_et_pb_old_content":"","_et_gb_content_width":"","footnotes":""},"dipi_cpt_category":[],"class_list":["post-16247637","page","type-page","status-publish","hentry"],"_links":{"self":[{"href":"https:\/\/www.vecesam.es\/ca\/wp-json\/wp\/v2\/pages\/16247637","targetHints":{"allow":["GET"]}}],"collection":[{"href":"https:\/\/www.vecesam.es\/ca\/wp-json\/wp\/v2\/pages"}],"about":[{"href":"https:\/\/www.vecesam.es\/ca\/wp-json\/wp\/v2\/types\/page"}],"author":[{"embeddable":true,"href":"https:\/\/www.vecesam.es\/ca\/wp-json\/wp\/v2\/users\/1"}],"replies":[{"embeddable":true,"href":"https:\/\/www.vecesam.es\/ca\/wp-json\/wp\/v2\/comments?post=16247637"}],"version-history":[{"count":1,"href":"https:\/\/www.vecesam.es\/ca\/wp-json\/wp\/v2\/pages\/16247637\/revisions"}],"predecessor-version":[{"id":16249548,"href":"https:\/\/www.vecesam.es\/ca\/wp-json\/wp\/v2\/pages\/16247637\/revisions\/16249548"}],"wp:attachment":[{"href":"https:\/\/www.vecesam.es\/ca\/wp-json\/wp\/v2\/media?parent=16247637"}],"wp:term":[{"taxonomy":"dipi_cpt_category","embeddable":true,"href":"https:\/\/www.vecesam.es\/ca\/wp-json\/wp\/v2\/dipi_cpt_category?post=16247637"}],"curies":[{"name":"wp","href":"https:\/\/api.w.org\/{rel}","templated":true}]}}